{"id":36,"date":"2022-06-14T11:31:53","date_gmt":"2022-06-14T11:31:53","guid":{"rendered":"http:\/\/localhost\/Scala\/?page_id=36"},"modified":"2023-08-22T08:01:24","modified_gmt":"2023-08-22T08:01:24","slug":"blogs","status":"publish","type":"page","link":"https:\/\/latam.scala.com\/mx\/resources\/blogs\/","title":{"rendered":"Blogs"},"content":{"rendered":"<p>[et_pb_section fb_built=&#8221;1&#8243; _builder_version=&#8221;4.21.0&#8243; _module_preset=&#8221;default&#8221; custom_padding=&#8221;0px||5px|||&#8221; locked=&#8221;off&#8221; global_colors_info=&#8221;{}&#8221;][et_pb_row use_custom_gutter=&#8221;on&#8221; gutter_width=&#8221;1&#8243; make_equal=&#8221;on&#8221; _builder_version=&#8221;4.21.0&#8243; _module_preset=&#8221;default&#8221; width=&#8221;100%&#8221; max_width=&#8221;100%&#8221; custom_margin=&#8221;0px||0px||true|false&#8221; custom_padding=&#8221;0px|||||&#8221; global_colors_info=&#8221;{}&#8221;][et_pb_column type=&#8221;4_4&#8243; _builder_version=&#8221;4.17.3&#8243; _module_preset=&#8221;default&#8221; global_colors_info=&#8221;{}&#8221;][et_pb_text _builder_version=&#8221;4.21.0&#8243; _module_preset=&#8221;default&#8221; text_font=&#8221;Montserrat||||||||&#8221; text_font_size=&#8221;1.2vw&#8221; header_font=&#8221;Montserrat|700|||||||&#8221; header_font_size=&#8221;2vw&#8221; header_2_font=&#8221;Montserrat|700|||||||&#8221; header_2_font_size=&#8221;2vw&#8221; background_image=&#8221;https:\/\/latam.scala.com\/mx\/wp-content\/uploads\/sites\/13\/2022\/11\/Blog-SG.jpg&#8221; width=&#8221;100%&#8221; max_width=&#8221;100%&#8221; height=&#8221;35vw&#8221; height_tablet=&#8221;75vw&#8221; height_phone=&#8221;74vw&#8221; height_last_edited=&#8221;on|desktop&#8221; custom_padding=&#8221;|55%||5%|false|false&#8221; text_font_size_tablet=&#8221;0px&#8221; text_font_size_phone=&#8221;0px&#8221; text_font_size_last_edited=&#8221;on|tablet&#8221; header_font_size_tablet=&#8221;0px&#8221; header_font_size_phone=&#8221;0px&#8221; header_font_size_last_edited=&#8221;on|phone&#8221; header_2_font_size_tablet=&#8221;0px&#8221; header_2_font_size_phone=&#8221;0px&#8221; header_2_font_size_last_edited=&#8221;on|phone&#8221; background_last_edited=&#8221;on|phone&#8221; background_image_tablet=&#8221;https:\/\/latam.scala.com\/mx\/wp-content\/uploads\/sites\/13\/2023\/03\/Blogs-mobile-img.png&#8221; background_image_phone=&#8221;https:\/\/latam.scala.com\/mx\/wp-content\/uploads\/sites\/13\/2023\/03\/Blogs-mobile-img.png&#8221; background_enable_image_tablet=&#8221;on&#8221; background_enable_image_phone=&#8221;on&#8221; custom_css_main_element=&#8221;display:flex;||align-items: center;&#8221; global_colors_info=&#8221;{}&#8221;]<\/p>\n<h1>\u00daltimas charlas de Scala<\/h1>\n<p>Consejos de se\u00f1alizaci\u00f3n digital y tendencias de la industria<\/p>\n<p>[\/et_pb_text][\/et_pb_column][\/et_pb_row][et_pb_row _builder_version=&#8221;4.17.3&#8243; _module_preset=&#8221;default&#8221; locked=&#8221;off&#8221; global_colors_info=&#8221;{}&#8221;][et_pb_column type=&#8221;4_4&#8243; _builder_version=&#8221;4.17.3&#8243; _module_preset=&#8221;default&#8221; global_colors_info=&#8221;{}&#8221;][et_pb_text _builder_version=&#8221;4.20.0&#8243; _module_preset=&#8221;default&#8221; header_font=&#8221;Montserrat|600|||||||&#8221; header_text_align=&#8221;center&#8221; custom_padding=&#8221;||||false|false&#8221; header_font_size_tablet=&#8221;&#8221; header_font_size_phone=&#8221;20px&#8221; header_font_size_last_edited=&#8221;on|phone&#8221; global_colors_info=&#8221;{}&#8221;]<\/p>\n<h1 class=\"text\"><span>Blogs Recientes<\/span><\/h1>\n<p>[\/et_pb_text][et_pb_divider color=&#8221;#EE3235&#8243; divider_weight=&#8221;8px&#8221; _builder_version=&#8221;4.17.3&#8243; _module_preset=&#8221;default&#8221; vertical_offset=&#8221;-14px&#8221; width=&#8221;150px&#8221; module_alignment=&#8221;center&#8221; height=&#8221;8px&#8221; border_radii=&#8221;on|8px|8px|8px|8px&#8221; global_colors_info=&#8221;{%22gcid-e84cacc0-f1a1-4922-8cd2-ec9f45bb75c1%22:%91%22color%22%93}&#8221;][\/et_pb_divider][\/et_pb_column][\/et_pb_row][et_pb_row _builder_version=&#8221;4.18.0&#8243; _module_preset=&#8221;default&#8221; width=&#8221;90%&#8221; width_tablet=&#8221;90%&#8221; width_phone=&#8221;100%&#8221; width_last_edited=&#8221;on|phone&#8221; max_width=&#8221;2560px&#8221; custom_padding=&#8221;0px||||false|false&#8221; global_colors_info=&#8221;{}&#8221;][et_pb_column type=&#8221;4_4&#8243; _builder_version=&#8221;4.17.3&#8243; _module_preset=&#8221;default&#8221; global_colors_info=&#8221;{}&#8221;][et_pb_blog fullwidth=&#8221;off&#8221; posts_number=&#8221;3&#8243; include_categories=&#8221;36&#8243; excerpt_length=&#8221;0&#8243; show_categories=&#8221;off&#8221; show_pagination=&#8221;off&#8221; module_class=&#8221;recent-blog-section&#8221; _builder_version=&#8221;4.20.4&#8243; _module_preset=&#8221;default&#8221; header_font=&#8221;Montserrat|600|||||||&#8221; header_text_color=&#8221;#666666&#8243; header_font_size=&#8221;2.8vh&#8221; body_font=&#8221;Montserrat||||||||&#8221; meta_font=&#8221;Montserrat|500|||||||&#8221; meta_font_size=&#8221;16px&#8221; pagination_font=&#8221;Montserrat||||||||&#8221; width=&#8221;100%&#8221; height_tablet=&#8221;&#8221; height_phone=&#8221;&#8221; height_last_edited=&#8221;on|phone&#8221; custom_margin=&#8221;||||true|true&#8221; custom_padding=&#8221;30px|30px|30px|30px|true|true&#8221; header_font_size_tablet=&#8221;2.5vw&#8221; header_font_size_phone=&#8221;4vw&#8221; header_font_size_last_edited=&#8221;on|phone&#8221; meta_font_size_tablet=&#8221;14px&#8221; meta_font_size_phone=&#8221;12px&#8221; meta_font_size_last_edited=&#8221;on|phone&#8221; custom_css_main_element=&#8221;border-radius: 20px;&#8221; custom_css_post_meta=&#8221;margin-top: 20px;||margin-left: 10px;&#8221; border_color_all_fullwidth=&#8221;#000000&#8243; border_radii_image=&#8221;on|20px|20px|20px|20px&#8221; box_shadow_style=&#8221;preset1&#8243; global_colors_info=&#8221;{}&#8221;][\/et_pb_blog][\/et_pb_column][\/et_pb_row][\/et_pb_section][et_pb_section fb_built=&#8221;1&#8243; _builder_version=&#8221;4.18.0&#8243; _module_preset=&#8221;default&#8221; custom_margin=&#8221;0px||||false|false&#8221; custom_padding=&#8221;0px||||false|false&#8221; locked=&#8221;off&#8221; global_colors_info=&#8221;{}&#8221;][et_pb_row _builder_version=&#8221;4.17.3&#8243; _module_preset=&#8221;default&#8221; locked=&#8221;off&#8221; global_colors_info=&#8221;{}&#8221;][et_pb_column type=&#8221;4_4&#8243; _builder_version=&#8221;4.17.3&#8243; _module_preset=&#8221;default&#8221; global_colors_info=&#8221;{}&#8221;][et_pb_text _builder_version=&#8221;4.20.0&#8243; _module_preset=&#8221;default&#8221; header_font=&#8221;Montserrat|600|||||||&#8221; header_text_align=&#8221;center&#8221; custom_padding=&#8221;||||false|false&#8221; header_font_size_tablet=&#8221;&#8221; header_font_size_phone=&#8221;20px&#8221; header_font_size_last_edited=&#8221;on|phone&#8221; global_colors_info=&#8221;{}&#8221;]<\/p>\n<h1 class=\"text\"><span>M\u00e1s Blogs<\/span><\/h1>\n<p>[\/et_pb_text][et_pb_divider color=&#8221;#EE3235&#8243; divider_weight=&#8221;8px&#8221; _builder_version=&#8221;4.17.3&#8243; _module_preset=&#8221;default&#8221; vertical_offset=&#8221;-14px&#8221; width=&#8221;150px&#8221; module_alignment=&#8221;center&#8221; height=&#8221;8px&#8221; border_radii=&#8221;on|8px|8px|8px|8px&#8221; global_colors_info=&#8221;{%22gcid-e84cacc0-f1a1-4922-8cd2-ec9f45bb75c1%22:%91%22color%22%93}&#8221;][\/et_pb_divider][\/et_pb_column][\/et_pb_row][et_pb_row _builder_version=&#8221;4.18.0&#8243; _module_preset=&#8221;default&#8221; width=&#8221;90%&#8221; width_tablet=&#8221;90%&#8221; width_phone=&#8221;100%&#8221; width_last_edited=&#8221;on|phone&#8221; max_width=&#8221;100%&#8221; custom_padding=&#8221;0px||||false|false&#8221; locked=&#8221;off&#8221; global_colors_info=&#8221;{}&#8221;][et_pb_column type=&#8221;4_4&#8243; _builder_version=&#8221;4.17.3&#8243; _module_preset=&#8221;default&#8221; global_colors_info=&#8221;{}&#8221;][et_pb_blog fullwidth=&#8221;off&#8221; posts_number=&#8221;12&#8243; include_categories=&#8221;6,26&#8243; excerpt_length=&#8221;0&#8243; show_categories=&#8221;off&#8221; show_excerpt=&#8221;off&#8221; disabled_on=&#8221;on|off|off&#8221; module_class=&#8221;recent-blog-section&#8221; _builder_version=&#8221;4.20.4&#8243; _module_preset=&#8221;default&#8221; header_font=&#8221;Montserrat|600|||||||&#8221; header_text_color=&#8221;#666666&#8243; header_font_size=&#8221;2.8vh&#8221; body_font=&#8221;Montserrat||||||||&#8221; meta_font=&#8221;Montserrat|500|||||||&#8221; meta_font_size=&#8221;16px&#8221; pagination_text_align=&#8221;right&#8221; pagination_font_size=&#8221;12px&#8221; pagination_line_height=&#8221;1em&#8221; width=&#8221;100%&#8221; custom_margin=&#8221;||||true|true&#8221; custom_padding=&#8221;30px|30px|30px|30px|true|true&#8221; header_font_size_tablet=&#8221;2.5vw&#8221; header_font_size_phone=&#8221;16px&#8221; header_font_size_last_edited=&#8221;on|phone&#8221; meta_font_size_tablet=&#8221;14px&#8221; meta_font_size_phone=&#8221;12px&#8221; meta_font_size_last_edited=&#8221;on|tablet&#8221; pagination_font_size_tablet=&#8221;12px&#8221; pagination_font_size_phone=&#8221;11px&#8221; pagination_font_size_last_edited=&#8221;on|phone&#8221; custom_css_main_element=&#8221;border-radius: 20px;&#8221; border_color_all_fullwidth=&#8221;#000000&#8243; border_radii_image=&#8221;on|20px|20px|20px|20px&#8221; box_shadow_style=&#8221;preset1&#8243; global_colors_info=&#8221;{}&#8221;][\/et_pb_blog][et_pb_blog fullwidth=&#8221;off&#8221; posts_number=&#8221;6&#8243; include_categories=&#8221;6,26&#8243; excerpt_length=&#8221;0&#8243; show_categories=&#8221;off&#8221; show_excerpt=&#8221;off&#8221; disabled_on=&#8221;off|on|on&#8221; module_class=&#8221;recent-blog-section&#8221; _builder_version=&#8221;4.20.4&#8243; _module_preset=&#8221;default&#8221; header_font=&#8221;Montserrat|600|||||||&#8221; header_text_color=&#8221;#666666&#8243; header_font_size=&#8221;20px&#8221; body_font=&#8221;Montserrat||||||||&#8221; meta_font=&#8221;Montserrat|500|||||||&#8221; meta_font_size=&#8221;16px&#8221; pagination_text_align=&#8221;right&#8221; pagination_font_size=&#8221;12px&#8221; pagination_line_height=&#8221;1em&#8221; width=&#8221;100%&#8221; custom_margin=&#8221;||||true|true&#8221; custom_padding=&#8221;30px|30px|30px|30px|true|true&#8221; header_font_size_tablet=&#8221;2.5vw&#8221; header_font_size_phone=&#8221;16px&#8221; header_font_size_last_edited=&#8221;on|phone&#8221; meta_font_size_tablet=&#8221;14px&#8221; meta_font_size_phone=&#8221;12px&#8221; meta_font_size_last_edited=&#8221;on|tablet&#8221; pagination_text_align_tablet=&#8221;right&#8221; pagination_text_align_phone=&#8221;center&#8221; pagination_text_align_last_edited=&#8221;on|desktop&#8221; pagination_font_size_tablet=&#8221;12px&#8221; pagination_font_size_phone=&#8221;9px&#8221; pagination_font_size_last_edited=&#8221;on|phone&#8221; custom_css_main_element=&#8221;border-radius: 20px;&#8221; border_color_all_fullwidth=&#8221;#000000&#8243; border_radii_image=&#8221;on|20px|20px|20px|20px&#8221; box_shadow_style=&#8221;preset1&#8243; global_colors_info=&#8221;{}&#8221;][\/et_pb_blog][\/et_pb_column][\/et_pb_row][\/et_pb_section]<\/p>\n","protected":false},"excerpt":{"rendered":"<p>\u00daltimas charlas de Scala Consejos de se\u00f1alizaci\u00f3n digital y tendencias de la industriaBlogs RecientesM\u00e1s Blogs<\/p>\n","protected":false},"author":1,"featured_media":0,"parent":0,"menu_order":0,"comment_status":"closed","ping_status":"closed","template":"","meta":{"_et_pb_use_builder":"on","_et_pb_old_content":"","_et_gb_content_width":"","footnotes":""},"categories":[],"tags":[],"class_list":["post-36","page","type-page","status-publish","hentry"],"yoast_head":"<!-- This site is optimized with the Yoast SEO plugin v26.8 - https:\/\/yoast.com\/product\/yoast-seo-wordpress\/ -->\n<title>Blogs | Digital Signage Blogs | SCALA Singapore<\/title>\n<meta name=\"description\" content=\"Explore the latest blogs on Scala&#039;s website includes digital signage trends, software, hardware, and marketing technology.\" \/>\n<meta name=\"robots\" content=\"index, follow, max-snippet:-1, max-image-preview:large, max-video-preview:-1\" \/>\n<link rel=\"canonical\" href=\"https:\/\/latam.scala.com\/mx\/resources\/blogs\/\" \/>\n<meta property=\"og:locale\" content=\"en_US\" \/>\n<meta property=\"og:type\" content=\"article\" \/>\n<meta property=\"og:title\" content=\"Blogs | Digital Signage Blogs | SCALA Singapore\" \/>\n<meta property=\"og:description\" content=\"Explore the latest blogs on Scala&#039;s website includes digital signage trends, software, hardware, and marketing technology.\" \/>\n<meta property=\"og:url\" content=\"https:\/\/latam.scala.com\/mx\/resources\/blogs\/\" \/>\n<meta property=\"og:site_name\" content=\"Scala - Latam\" \/>\n<meta property=\"article:modified_time\" content=\"2023-08-22T08:01:24+00:00\" \/>\n<meta name=\"twitter:card\" content=\"summary_large_image\" \/>\n<meta name=\"twitter:label1\" content=\"Est. reading time\" \/>\n\t<meta name=\"twitter:data1\" content=\"2 minutes\" \/>\n<script type=\"application\/ld+json\" class=\"yoast-schema-graph\">{\"@context\":\"https:\/\/schema.org\",\"@graph\":[{\"@type\":\"WebPage\",\"@id\":\"https:\/\/latam.scala.com\/mx\/resources\/blogs\/\",\"url\":\"https:\/\/latam.scala.com\/mx\/resources\/blogs\/\",\"name\":\"Blogs | Digital Signage Blogs | SCALA Singapore\",\"isPartOf\":{\"@id\":\"https:\/\/latam.scala.com\/mx\/#website\"},\"datePublished\":\"2022-06-14T11:31:53+00:00\",\"dateModified\":\"2023-08-22T08:01:24+00:00\",\"description\":\"Explore the latest blogs on Scala's website includes digital signage trends, software, hardware, and marketing technology.\",\"breadcrumb\":{\"@id\":\"https:\/\/latam.scala.com\/mx\/resources\/blogs\/#breadcrumb\"},\"inLanguage\":\"en-US\",\"potentialAction\":[{\"@type\":\"ReadAction\",\"target\":[\"https:\/\/latam.scala.com\/mx\/resources\/blogs\/\"]}]},{\"@type\":\"BreadcrumbList\",\"@id\":\"https:\/\/latam.scala.com\/mx\/resources\/blogs\/#breadcrumb\",\"itemListElement\":[{\"@type\":\"ListItem\",\"position\":1,\"name\":\"Home\",\"item\":\"https:\/\/latam.scala.com\/mx\/\"},{\"@type\":\"ListItem\",\"position\":2,\"name\":\"Blogs\"}]},{\"@type\":\"WebSite\",\"@id\":\"https:\/\/latam.scala.com\/mx\/#website\",\"url\":\"https:\/\/latam.scala.com\/mx\/\",\"name\":\"Scala - Latam\",\"description\":\"\",\"potentialAction\":[{\"@type\":\"SearchAction\",\"target\":{\"@type\":\"EntryPoint\",\"urlTemplate\":\"https:\/\/latam.scala.com\/mx\/?s={search_term_string}\"},\"query-input\":{\"@type\":\"PropertyValueSpecification\",\"valueRequired\":true,\"valueName\":\"search_term_string\"}}],\"inLanguage\":\"en-US\"}]}<\/script>\n<!-- \/ Yoast SEO plugin. -->","yoast_head_json":{"title":"Blogs | Digital Signage Blogs | SCALA Singapore","description":"Explore the latest blogs on Scala's website includes digital signage trends, software, hardware, and marketing technology.","robots":{"index":"index","follow":"follow","max-snippet":"max-snippet:-1","max-image-preview":"max-image-preview:large","max-video-preview":"max-video-preview:-1"},"canonical":"https:\/\/latam.scala.com\/mx\/resources\/blogs\/","og_locale":"en_US","og_type":"article","og_title":"Blogs | Digital Signage Blogs | SCALA Singapore","og_description":"Explore the latest blogs on Scala's website includes digital signage trends, software, hardware, and marketing technology.","og_url":"https:\/\/latam.scala.com\/mx\/resources\/blogs\/","og_site_name":"Scala - Latam","article_modified_time":"2023-08-22T08:01:24+00:00","twitter_card":"summary_large_image","twitter_misc":{"Est. reading time":"2 minutes"},"schema":{"@context":"https:\/\/schema.org","@graph":[{"@type":"WebPage","@id":"https:\/\/latam.scala.com\/mx\/resources\/blogs\/","url":"https:\/\/latam.scala.com\/mx\/resources\/blogs\/","name":"Blogs | Digital Signage Blogs | SCALA Singapore","isPartOf":{"@id":"https:\/\/latam.scala.com\/mx\/#website"},"datePublished":"2022-06-14T11:31:53+00:00","dateModified":"2023-08-22T08:01:24+00:00","description":"Explore the latest blogs on Scala's website includes digital signage trends, software, hardware, and marketing technology.","breadcrumb":{"@id":"https:\/\/latam.scala.com\/mx\/resources\/blogs\/#breadcrumb"},"inLanguage":"en-US","potentialAction":[{"@type":"ReadAction","target":["https:\/\/latam.scala.com\/mx\/resources\/blogs\/"]}]},{"@type":"BreadcrumbList","@id":"https:\/\/latam.scala.com\/mx\/resources\/blogs\/#breadcrumb","itemListElement":[{"@type":"ListItem","position":1,"name":"Home","item":"https:\/\/latam.scala.com\/mx\/"},{"@type":"ListItem","position":2,"name":"Blogs"}]},{"@type":"WebSite","@id":"https:\/\/latam.scala.com\/mx\/#website","url":"https:\/\/latam.scala.com\/mx\/","name":"Scala - Latam","description":"","potentialAction":[{"@type":"SearchAction","target":{"@type":"EntryPoint","urlTemplate":"https:\/\/latam.scala.com\/mx\/?s={search_term_string}"},"query-input":{"@type":"PropertyValueSpecification","valueRequired":true,"valueName":"search_term_string"}}],"inLanguage":"en-US"}]}},"_links":{"self":[{"href":"https:\/\/latam.scala.com\/mx\/wp-json\/wp\/v2\/pages\/36","targetHints":{"allow":["GET"]}}],"collection":[{"href":"https:\/\/latam.scala.com\/mx\/wp-json\/wp\/v2\/pages"}],"about":[{"href":"https:\/\/latam.scala.com\/mx\/wp-json\/wp\/v2\/types\/page"}],"author":[{"embeddable":true,"href":"https:\/\/latam.scala.com\/mx\/wp-json\/wp\/v2\/users\/1"}],"replies":[{"embeddable":true,"href":"https:\/\/latam.scala.com\/mx\/wp-json\/wp\/v2\/comments?post=36"}],"version-history":[{"count":0,"href":"https:\/\/latam.scala.com\/mx\/wp-json\/wp\/v2\/pages\/36\/revisions"}],"wp:attachment":[{"href":"https:\/\/latam.scala.com\/mx\/wp-json\/wp\/v2\/media?parent=36"}],"wp:term":[{"taxonomy":"category","embeddable":true,"href":"https:\/\/latam.scala.com\/mx\/wp-json\/wp\/v2\/categories?post=36"},{"taxonomy":"post_tag","embeddable":true,"href":"https:\/\/latam.scala.com\/mx\/wp-json\/wp\/v2\/tags?post=36"}],"curies":[{"name":"wp","href":"https:\/\/api.w.org\/{rel}","templated":true}]}}