{"id":14,"date":"2022-06-14T11:31:53","date_gmt":"2022-06-14T11:31:53","guid":{"rendered":"http:\/\/localhost\/Scala\/?page_id=14"},"modified":"2023-08-21T14:04:36","modified_gmt":"2023-08-21T14:04:36","slug":"case-studies","status":"publish","type":"page","link":"https:\/\/latam.scala.com\/mx\/casestudies\/","title":{"rendered":"Case Studies"},"content":{"rendered":"<p>[et_pb_section fb_built=&#8221;1&#8243; _builder_version=&#8221;4.17.3&#8243; _module_preset=&#8221;default&#8221; custom_padding=&#8221;0px||2px|||&#8221; locked=&#8221;off&#8221; global_colors_info=&#8221;{}&#8221;][et_pb_row use_custom_gutter=&#8221;on&#8221; gutter_width=&#8221;1&#8243; make_equal=&#8221;on&#8221; _builder_version=&#8221;4.17.3&#8243; _module_preset=&#8221;default&#8221; width=&#8221;100%&#8221; max_width=&#8221;2560px&#8221; custom_margin=&#8221;0px||0px||true|false&#8221; custom_padding=&#8221;0px|||||&#8221; global_colors_info=&#8221;{}&#8221;][et_pb_column type=&#8221;4_4&#8243; _builder_version=&#8221;4.17.3&#8243; _module_preset=&#8221;default&#8221; global_colors_info=&#8221;{}&#8221;][et_pb_slider show_arrows=&#8221;off&#8221; dot_nav_custom_color=&#8221;#3f3f3f&#8221; _builder_version=&#8221;4.20.0&#8243; _module_preset=&#8221;default&#8221; header_level=&#8221;h1&#8243; header_font=&#8221;Montserrat|700|||||||&#8221; header_text_align=&#8221;left&#8221; header_font_size=&#8221;46px&#8221; background_color=&#8221;RGBA(255,255,255,0)&#8221; text_orientation=&#8221;left&#8221; width=&#8221;100%&#8221; max_width=&#8221;100%&#8221; content_max_width=&#8221;100%&#8221; height=&#8221;85vh&#8221; height_tablet=&#8221;350px&#8221; height_phone=&#8221;253px&#8221; height_last_edited=&#8221;on|tablet&#8221; custom_margin_phone=&#8221;||||false|false&#8221; custom_margin_last_edited=&#8221;off|phone&#8221; custom_padding_tablet=&#8221;0px||||false|false&#8221; custom_padding_phone=&#8221;0px||||false|false&#8221; custom_padding_last_edited=&#8221;on|phone&#8221; header_text_align_tablet=&#8221;left&#8221; header_text_align_phone=&#8221;left&#8221; header_text_align_last_edited=&#8221;on|desktop&#8221; header_font_size_tablet=&#8221;&#8221; header_font_size_phone=&#8221;&#8221; header_font_size_last_edited=&#8221;on|desktop&#8221; custom_css_main_element=&#8221;||  &#8221; custom_css_slide_description=&#8221;position: relative;||left: -130px;||text-shadow: none;&#8221; custom_css_slide_title=&#8221;width: 550px;||&#8221; custom_css_slide_active_controller=&#8221;background-color: #ff5053&#8243; locked=&#8221;off&#8221; global_colors_info=&#8221;{}&#8221; dot_nav_custom_color__hover_enabled=&#8221;on|desktop&#8221; dot_nav_custom_color__hover=&#8221;#3f3f3f&#8221; custom_css_slide_description_tablet=&#8221;position: relative;||left: -50px;||top: 60px;||text-shadow: none;&#8221; custom_css_slide_description_phone=&#8221;position: relative;||top: 40px;||left: -20px;||width: calc(100vw &#8211; 40px);||text-shadow: none;&#8221; custom_css_slide_description_last_edited=&#8221;on|phone&#8221;][et_pb_slide heading=&#8221;Casos de \u00c9xito &#8221; content_tablet=&#8221;Nuevos usos innovadores para Scala<br \/>\n&#8221; content_phone=&#8221;<\/p>\n<p>Innovative new uses for<br \/>Scala Digital Signage<\/p>\n<p>&#8221; content_last_edited=&#8221;on|phone&#8221; _builder_version=&#8221;4.20.0&#8243; _module_preset=&#8221;default&#8221; header_font=&#8221;Montserrat|700|||||||&#8221; header_text_color=&#8221;#000000&#8243; header_font_size=&#8221;5vh&#8221; header_line_height=&#8221;1.4em&#8221; body_font=&#8221;Montserrat|500|||||||&#8221; body_text_color=&#8221;#000000&#8243; body_font_size=&#8221;2.5vh&#8221; background_image=&#8221;https:\/\/latamscalaprod.wpengine.com\/sg\/wp-content\/uploads\/sites\/13\/2022\/11\/Case-Study-SG-Banner-Image-1.jpg&#8221; background_enable_image=&#8221;on&#8221; custom_button=&#8221;on&#8221; button_text_size=&#8221;15px&#8221; button_text_color=&#8221;#FFFFFF&#8221; button_bg_color=&#8221;#ee3235&#8243; button_border_width=&#8221;0px&#8221; button_border_radius=&#8221;12px&#8221; button_font=&#8221;|700|||||||&#8221; button_custom_padding=&#8221;10px|30px|10px|30px|true|true&#8221; header_text_color_tablet=&#8221;#000000&#8243; header_text_color_phone=&#8221;#FFFFFF&#8221; header_text_color_last_edited=&#8221;on|phone&#8221; header_font_size_tablet=&#8221;3vh&#8221; header_font_size_phone=&#8221;0px&#8221; header_font_size_last_edited=&#8221;on|tablet&#8221; header_line_height_tablet=&#8221;1em&#8221; header_line_height_phone=&#8221;1em&#8221; header_line_height_last_edited=&#8221;on|tablet&#8221; body_text_color_tablet=&#8221;#000000&#8243; body_text_color_phone=&#8221;#FFFFFF&#8221; body_text_color_last_edited=&#8221;on|phone&#8221; body_font_size_tablet=&#8221;2vh&#8221; body_font_size_phone=&#8221;0vh&#8221; body_font_size_last_edited=&#8221;on|phone&#8221; background_last_edited=&#8221;on|phone&#8221; background_image_phone=&#8221;https:\/\/latamscalaprod.wpengine.com\/mx\/wp-content\/uploads\/sites\/13\/2023\/03\/Case-study-mobile-banner-image.png&#8221; background_enable_image_phone=&#8221;on&#8221; custom_css_slide_description=&#8221;position: relative;||left: -130px;&#8221; locked=&#8221;off&#8221; global_colors_info=&#8221;{}&#8221; sticky_transition=&#8221;on&#8221;]Nuevos usos innovadores para Scala [\/et_pb_slide][\/et_pb_slider][\/et_pb_column][\/et_pb_row][et_pb_row _builder_version=&#8221;4.17.3&#8243; _module_preset=&#8221;default&#8221; locked=&#8221;off&#8221; global_colors_info=&#8221;{}&#8221;][et_pb_column type=&#8221;4_4&#8243; _builder_version=&#8221;4.17.3&#8243; _module_preset=&#8221;default&#8221; global_colors_info=&#8221;{}&#8221;][et_pb_text _builder_version=&#8221;4.20.0&#8243; _module_preset=&#8221;default&#8221; header_font=&#8221;Montserrat|600|||||||&#8221; header_text_align=&#8221;center&#8221; header_2_font=&#8221;Montserrat|600|||||||&#8221; header_2_text_align=&#8221;center&#8221; header_2_font_size=&#8221;30px&#8221; custom_padding=&#8221;||||false|false&#8221; header_font_size_tablet=&#8221;&#8221; header_font_size_phone=&#8221;26px&#8221; header_font_size_last_edited=&#8221;on|phone&#8221; header_2_text_align_tablet=&#8221;center&#8221; header_2_text_align_phone=&#8221;center&#8221; header_2_text_align_last_edited=&#8221;on|desktop&#8221; header_2_font_size_tablet=&#8221;30px&#8221; header_2_font_size_phone=&#8221;20px&#8221; header_2_font_size_last_edited=&#8221;on|desktop&#8221; global_colors_info=&#8221;{}&#8221;]<\/p>\n<h2 class=\"text\">Casos de \u00c9xito Destacados <\/h2>\n<p>[\/et_pb_text][et_pb_divider color=&#8221;#EE3235&#8243; divider_weight=&#8221;8px&#8221; _builder_version=&#8221;4.17.3&#8243; _module_preset=&#8221;default&#8221; vertical_offset=&#8221;-14px&#8221; width=&#8221;150px&#8221; module_alignment=&#8221;center&#8221; height=&#8221;8px&#8221; border_radii=&#8221;on|8px|8px|8px|8px&#8221; global_colors_info=&#8221;{%22gcid-e84cacc0-f1a1-4922-8cd2-ec9f45bb75c1%22:%91%22color%22%93}&#8221;][\/et_pb_divider][\/et_pb_column][\/et_pb_row][et_pb_row custom_padding_last_edited=&#8221;on|tablet&#8221; disabled_on=&#8221;on|on|off&#8221; _builder_version=&#8221;4.18.0&#8243; _module_preset=&#8221;default&#8221; max_width=&#8221;100%&#8221; custom_margin=&#8221;0px||||false|false&#8221; custom_margin_tablet=&#8221;|0px||0px|false|true&#8221; custom_margin_phone=&#8221;|0px||0px|false|true&#8221; custom_margin_last_edited=&#8221;on|tablet&#8221; custom_padding=&#8221;0px||||false|false&#8221; custom_padding_tablet=&#8221;|0px||0px|false|true&#8221; custom_padding_phone=&#8221;|0px||0px|false|true&#8221; global_colors_info=&#8221;{}&#8221;][et_pb_column type=&#8221;4_4&#8243; _builder_version=&#8221;4.17.3&#8243; _module_preset=&#8221;default&#8221; global_colors_info=&#8221;{}&#8221;][et_pb_blog fullwidth=&#8221;off&#8221; posts_number=&#8221;3&#8243; include_categories=&#8221;21&#8243; excerpt_length=&#8221;0&#8243; show_author=&#8221;off&#8221; show_date=&#8221;off&#8221; show_categories=&#8221;off&#8221; show_excerpt=&#8221;off&#8221; show_pagination=&#8221;off&#8221; module_class=&#8221;recent-case-study-section&#8221; _builder_version=&#8221;4.18.0&#8243; _module_preset=&#8221;default&#8221; header_font=&#8221;Montserrat|600|||||||&#8221; header_text_color=&#8221;#666666&#8243; header_font_size=&#8221;18px&#8221; body_font=&#8221;Montserrat||||||||&#8221; meta_font=&#8221;Montserrat|500|||||||&#8221; meta_font_size=&#8221;16px&#8221; width=&#8221;100%&#8221; width_tablet=&#8221;&#8221; width_phone=&#8221;&#8221; width_last_edited=&#8221;on|tablet&#8221; custom_margin=&#8221;||||true|true&#8221; custom_margin_tablet=&#8221;|0px||0px|true|true&#8221; custom_margin_phone=&#8221;|0px||0px|true|true&#8221; custom_margin_last_edited=&#8221;on|tablet&#8221; custom_padding=&#8221;30px|30px|30px|30px|true|true&#8221; custom_padding_tablet=&#8221;20px|20px|20px|20px|true|true&#8221; custom_padding_phone=&#8221;20px|20px|20px|20px|true|true&#8221; custom_padding_last_edited=&#8221;on|tablet&#8221; custom_css_main_element=&#8221;border-radius: 20px;&#8221; border_color_all_fullwidth=&#8221;#000000&#8243; border_radii_image=&#8221;on|20px|20px|20px|20px&#8221; box_shadow_style=&#8221;preset1&#8243; global_colors_info=&#8221;{}&#8221;][\/et_pb_blog][\/et_pb_column][\/et_pb_row][et_pb_row disabled_on=&#8221;off|off|on&#8221; _builder_version=&#8221;4.18.0&#8243; _module_preset=&#8221;default&#8221; width=&#8221;100%&#8221; width_tablet=&#8221;90%&#8221; width_phone=&#8221;90%&#8221; width_last_edited=&#8221;on|tablet&#8221; custom_margin=&#8221;0px||||false|false&#8221; custom_padding=&#8221;0px||||false|false&#8221; global_colors_info=&#8221;{}&#8221;][et_pb_column type=&#8221;4_4&#8243; _builder_version=&#8221;4.18.0&#8243; _module_preset=&#8221;default&#8221; global_colors_info=&#8221;{}&#8221;][et_pb_blog fullwidth=&#8221;off&#8221; posts_number=&#8221;2&#8243; include_categories=&#8221;21&#8243; excerpt_length=&#8221;0&#8243; show_author=&#8221;off&#8221; show_date=&#8221;off&#8221; show_categories=&#8221;off&#8221; show_excerpt=&#8221;off&#8221; module_id=&#8221;recent-case-study-section&#8221; module_class=&#8221;recent-case-study-section&#8221; _builder_version=&#8221;4.18.0&#8243; _module_preset=&#8221;default&#8221; header_font=&#8221;Montserrat|600|||||||&#8221; header_text_color=&#8221;#666666&#8243; header_font_size=&#8221;15px&#8221; body_font=&#8221;Montserrat||||||||&#8221; meta_font=&#8221;Montserrat|500|||||||&#8221; meta_font_size=&#8221;16px&#8221; pagination_font=&#8221;Montserrat||||||||&#8221; pagination_text_align=&#8221;center&#8221; pagination_font_size=&#8221;12px&#8221; pagination_line_height=&#8221;1em&#8221; width=&#8221;100%&#8221; custom_margin=&#8221;||||true|true&#8221; custom_padding=&#8221;30px|30px|30px|30px|true|true&#8221; custom_padding_tablet=&#8221;30px|30px|30px|30px|true|true&#8221; custom_padding_phone=&#8221;30px|30px|30px|30px|true|true&#8221; custom_padding_last_edited=&#8221;on|phone&#8221; header_font_size_tablet=&#8221;18px&#8221; header_font_size_phone=&#8221;16px&#8221; header_font_size_last_edited=&#8221;on|phone&#8221; custom_css_main_element=&#8221;border-radius: 20px;&#8221; custom_css_title=&#8221;margin-left: 20px;&#8221; custom_css_content=&#8221;margin-left: 20px;&#8221; border_color_all_fullwidth=&#8221;#000000&#8243; border_radii_image=&#8221;on|20px|20px|20px|20px&#8221; box_shadow_style=&#8221;preset1&#8243; locked=&#8221;off&#8221; global_colors_info=&#8221;{}&#8221;][\/et_pb_blog][\/et_pb_column][\/et_pb_row][\/et_pb_section][et_pb_section fb_built=&#8221;1&#8243; _builder_version=&#8221;4.17.3&#8243; _module_preset=&#8221;default&#8221; custom_padding=&#8221;2px|||||&#8221; global_colors_info=&#8221;{}&#8221;][et_pb_row _builder_version=&#8221;4.17.3&#8243; _module_preset=&#8221;default&#8221; locked=&#8221;off&#8221; global_colors_info=&#8221;{}&#8221;][et_pb_column type=&#8221;4_4&#8243; _builder_version=&#8221;4.17.3&#8243; _module_preset=&#8221;default&#8221; global_colors_info=&#8221;{}&#8221;][et_pb_text _builder_version=&#8221;4.20.0&#8243; _module_preset=&#8221;default&#8221; header_font=&#8221;Montserrat|600|||||||&#8221; header_text_align=&#8221;center&#8221; header_2_font=&#8221;Montserrat|600|||||||&#8221; header_2_text_align=&#8221;center&#8221; header_2_font_size=&#8221;30px&#8221; custom_padding=&#8221;||||false|false&#8221; header_font_size_tablet=&#8221;&#8221; header_font_size_phone=&#8221;26px&#8221; header_font_size_last_edited=&#8221;on|phone&#8221; header_2_text_align_tablet=&#8221;center&#8221; header_2_text_align_phone=&#8221;center&#8221; header_2_text_align_last_edited=&#8221;on|desktop&#8221; header_2_font_size_tablet=&#8221;30px&#8221; header_2_font_size_phone=&#8221;20px&#8221; header_2_font_size_last_edited=&#8221;on|desktop&#8221; global_colors_info=&#8221;{}&#8221;]<\/p>\n<h2 class=\"text\">M\u00e1s Casos de \u00c9xito<\/h2>\n<p>[\/et_pb_text][et_pb_divider color=&#8221;#EE3235&#8243; divider_weight=&#8221;8px&#8221; _builder_version=&#8221;4.17.3&#8243; _module_preset=&#8221;default&#8221; vertical_offset=&#8221;-14px&#8221; width=&#8221;150px&#8221; module_alignment=&#8221;center&#8221; height=&#8221;8px&#8221; border_radii=&#8221;on|8px|8px|8px|8px&#8221; global_colors_info=&#8221;{%22gcid-e84cacc0-f1a1-4922-8cd2-ec9f45bb75c1%22:%91%22color%22%93}&#8221;][\/et_pb_divider][\/et_pb_column][\/et_pb_row][et_pb_row disabled_on=&#8221;on|off|off&#8221; _builder_version=&#8221;4.18.0&#8243; _module_preset=&#8221;default&#8221; width=&#8221;90%&#8221; width_tablet=&#8221;90%&#8221; width_phone=&#8221;100%&#8221; width_last_edited=&#8221;on|phone&#8221; max_width=&#8221;100%&#8221; custom_padding=&#8221;0px||||false|false&#8221; locked=&#8221;off&#8221; global_colors_info=&#8221;{}&#8221;][et_pb_column type=&#8221;4_4&#8243; _builder_version=&#8221;4.17.3&#8243; _module_preset=&#8221;default&#8221; global_colors_info=&#8221;{}&#8221;][et_pb_blog fullwidth=&#8221;off&#8221; posts_number=&#8221;12&#8243; include_categories=&#8221;9&#8243; excerpt_length=&#8221;0&#8243; show_author=&#8221;off&#8221; show_date=&#8221;off&#8221; show_categories=&#8221;off&#8221; show_excerpt=&#8221;off&#8221; module_class=&#8221;recent-case-study-section&#8221; _builder_version=&#8221;4.18.0&#8243; _module_preset=&#8221;default&#8221; header_font=&#8221;Montserrat|600|||||||&#8221; header_text_color=&#8221;#666666&#8243; header_font_size=&#8221;18px&#8221; body_font=&#8221;Montserrat||||||||&#8221; meta_font=&#8221;Montserrat|500|||||||&#8221; meta_font_size=&#8221;16px&#8221; pagination_text_align=&#8221;right&#8221; pagination_font_size=&#8221;12px&#8221; pagination_line_height=&#8221;1em&#8221; width=&#8221;100%&#8221; custom_margin=&#8221;||||true|true&#8221; custom_padding=&#8221;30px|30px|30px|30px|true|true&#8221; custom_css_main_element=&#8221;border-radius: 20px;&#8221; border_color_all_fullwidth=&#8221;#000000&#8243; border_radii_image=&#8221;on|20px|20px|20px|20px&#8221; box_shadow_style=&#8221;preset1&#8243; global_colors_info=&#8221;{}&#8221;][\/et_pb_blog][\/et_pb_column][\/et_pb_row][et_pb_row disabled_on=&#8221;off|on|on&#8221; _builder_version=&#8221;4.18.0&#8243; _module_preset=&#8221;default&#8221; width=&#8221;90%&#8221; width_tablet=&#8221;90%&#8221; width_phone=&#8221;100%&#8221; width_last_edited=&#8221;on|phone&#8221; max_width=&#8221;100%&#8221; custom_padding=&#8221;0px||||false|false&#8221; locked=&#8221;off&#8221; global_colors_info=&#8221;{}&#8221;][et_pb_column type=&#8221;4_4&#8243; _builder_version=&#8221;4.17.3&#8243; _module_preset=&#8221;default&#8221; global_colors_info=&#8221;{}&#8221;][et_pb_blog fullwidth=&#8221;off&#8221; posts_number=&#8221;9&#8243; include_categories=&#8221;9&#8243; excerpt_length=&#8221;0&#8243; show_author=&#8221;off&#8221; show_date=&#8221;off&#8221; show_categories=&#8221;off&#8221; show_excerpt=&#8221;off&#8221; module_class=&#8221;recent-case-study-section&#8221; _builder_version=&#8221;4.18.0&#8243; _module_preset=&#8221;default&#8221; header_font=&#8221;Montserrat|600|||||||&#8221; header_text_color=&#8221;#666666&#8243; header_font_size=&#8221;16px&#8221; body_font=&#8221;Montserrat||||||||&#8221; meta_font=&#8221;Montserrat|500|||||||&#8221; meta_font_size=&#8221;16px&#8221; pagination_font=&#8221;Montserrat||||||||&#8221; pagination_text_align=&#8221;center&#8221; pagination_font_size=&#8221;12px&#8221; pagination_line_height=&#8221;1em&#8221; width=&#8221;100%&#8221; custom_margin=&#8221;||||true|true&#8221; custom_padding=&#8221;30px|30px|30px|30px|true|true&#8221; pagination_text_align_phone=&#8221;center&#8221; pagination_text_align_last_edited=&#8221;off|phone&#8221; custom_css_main_element=&#8221;border-radius: 20px;&#8221; border_color_all_fullwidth=&#8221;#000000&#8243; border_radii_image=&#8221;on|20px|20px|20px|20px&#8221; box_shadow_style=&#8221;preset1&#8243; global_colors_info=&#8221;{}&#8221;][\/et_pb_blog][\/et_pb_column][\/et_pb_row][\/et_pb_section]<\/p>\n","protected":false},"excerpt":{"rendered":"<p>Nuevos usos innovadores para Scala Casos de \u00c9xito Destacados M\u00e1s Casos de \u00c9xito<\/p>\n","protected":false},"author":1,"featured_media":0,"parent":0,"menu_order":0,"comment_status":"closed","ping_status":"closed","template":"","meta":{"_et_pb_use_builder":"on","_et_pb_old_content":"","_et_gb_content_width":"","footnotes":""},"categories":[],"tags":[],"class_list":["post-14","page","type-page","status-publish","hentry"],"yoast_head":"<!-- This site is optimized with the Yoast SEO plugin v26.8 - https:\/\/yoast.com\/product\/yoast-seo-wordpress\/ -->\n<title>Digital Signage Case-study | SCALA Singapore<\/title>\n<meta name=\"description\" content=\"Read success stories of how Scala&#039;s Digital Signage Solutions help businesses to increase sales, loyalty and engagement.\" \/>\n<meta name=\"robots\" content=\"index, follow, max-snippet:-1, max-image-preview:large, max-video-preview:-1\" \/>\n<link rel=\"canonical\" href=\"https:\/\/latam.scala.com\/mx\/casestudies\/\" \/>\n<meta property=\"og:locale\" content=\"en_US\" \/>\n<meta property=\"og:type\" content=\"article\" \/>\n<meta property=\"og:title\" content=\"Digital Signage Case-study | SCALA Singapore\" \/>\n<meta property=\"og:description\" content=\"Read success stories of how Scala&#039;s Digital Signage Solutions help businesses to increase sales, loyalty and engagement.\" \/>\n<meta property=\"og:url\" content=\"https:\/\/latam.scala.com\/mx\/casestudies\/\" \/>\n<meta property=\"og:site_name\" content=\"Scala - Latam\" \/>\n<meta property=\"article:modified_time\" content=\"2023-08-21T14:04:36+00:00\" \/>\n<meta name=\"twitter:card\" content=\"summary_large_image\" \/>\n<meta name=\"twitter:label1\" content=\"Est. reading time\" \/>\n\t<meta name=\"twitter:data1\" content=\"2 minutes\" \/>\n<script type=\"application\/ld+json\" class=\"yoast-schema-graph\">{\"@context\":\"https:\/\/schema.org\",\"@graph\":[{\"@type\":\"WebPage\",\"@id\":\"https:\/\/latam.scala.com\/mx\/casestudies\/\",\"url\":\"https:\/\/latam.scala.com\/mx\/casestudies\/\",\"name\":\"Digital Signage Case-study | SCALA Singapore\",\"isPartOf\":{\"@id\":\"https:\/\/latam.scala.com\/mx\/#website\"},\"datePublished\":\"2022-06-14T11:31:53+00:00\",\"dateModified\":\"2023-08-21T14:04:36+00:00\",\"description\":\"Read success stories of how Scala's Digital Signage Solutions help businesses to increase sales, loyalty and engagement.\",\"breadcrumb\":{\"@id\":\"https:\/\/latam.scala.com\/mx\/casestudies\/#breadcrumb\"},\"inLanguage\":\"en-US\",\"potentialAction\":[{\"@type\":\"ReadAction\",\"target\":[\"https:\/\/latam.scala.com\/mx\/casestudies\/\"]}]},{\"@type\":\"BreadcrumbList\",\"@id\":\"https:\/\/latam.scala.com\/mx\/casestudies\/#breadcrumb\",\"itemListElement\":[{\"@type\":\"ListItem\",\"position\":1,\"name\":\"Home\",\"item\":\"https:\/\/latam.scala.com\/mx\/\"},{\"@type\":\"ListItem\",\"position\":2,\"name\":\"Case Studies\"}]},{\"@type\":\"WebSite\",\"@id\":\"https:\/\/latam.scala.com\/mx\/#website\",\"url\":\"https:\/\/latam.scala.com\/mx\/\",\"name\":\"Scala - Latam\",\"description\":\"\",\"potentialAction\":[{\"@type\":\"SearchAction\",\"target\":{\"@type\":\"EntryPoint\",\"urlTemplate\":\"https:\/\/latam.scala.com\/mx\/?s={search_term_string}\"},\"query-input\":{\"@type\":\"PropertyValueSpecification\",\"valueRequired\":true,\"valueName\":\"search_term_string\"}}],\"inLanguage\":\"en-US\"}]}<\/script>\n<!-- \/ Yoast SEO plugin. -->","yoast_head_json":{"title":"Digital Signage Case-study | SCALA Singapore","description":"Read success stories of how Scala's Digital Signage Solutions help businesses to increase sales, loyalty and engagement.","robots":{"index":"index","follow":"follow","max-snippet":"max-snippet:-1","max-image-preview":"max-image-preview:large","max-video-preview":"max-video-preview:-1"},"canonical":"https:\/\/latam.scala.com\/mx\/casestudies\/","og_locale":"en_US","og_type":"article","og_title":"Digital Signage Case-study | SCALA Singapore","og_description":"Read success stories of how Scala's Digital Signage Solutions help businesses to increase sales, loyalty and engagement.","og_url":"https:\/\/latam.scala.com\/mx\/casestudies\/","og_site_name":"Scala - Latam","article_modified_time":"2023-08-21T14:04:36+00:00","twitter_card":"summary_large_image","twitter_misc":{"Est. reading time":"2 minutes"},"schema":{"@context":"https:\/\/schema.org","@graph":[{"@type":"WebPage","@id":"https:\/\/latam.scala.com\/mx\/casestudies\/","url":"https:\/\/latam.scala.com\/mx\/casestudies\/","name":"Digital Signage Case-study | SCALA Singapore","isPartOf":{"@id":"https:\/\/latam.scala.com\/mx\/#website"},"datePublished":"2022-06-14T11:31:53+00:00","dateModified":"2023-08-21T14:04:36+00:00","description":"Read success stories of how Scala's Digital Signage Solutions help businesses to increase sales, loyalty and engagement.","breadcrumb":{"@id":"https:\/\/latam.scala.com\/mx\/casestudies\/#breadcrumb"},"inLanguage":"en-US","potentialAction":[{"@type":"ReadAction","target":["https:\/\/latam.scala.com\/mx\/casestudies\/"]}]},{"@type":"BreadcrumbList","@id":"https:\/\/latam.scala.com\/mx\/casestudies\/#breadcrumb","itemListElement":[{"@type":"ListItem","position":1,"name":"Home","item":"https:\/\/latam.scala.com\/mx\/"},{"@type":"ListItem","position":2,"name":"Case Studies"}]},{"@type":"WebSite","@id":"https:\/\/latam.scala.com\/mx\/#website","url":"https:\/\/latam.scala.com\/mx\/","name":"Scala - Latam","description":"","potentialAction":[{"@type":"SearchAction","target":{"@type":"EntryPoint","urlTemplate":"https:\/\/latam.scala.com\/mx\/?s={search_term_string}"},"query-input":{"@type":"PropertyValueSpecification","valueRequired":true,"valueName":"search_term_string"}}],"inLanguage":"en-US"}]}},"_links":{"self":[{"href":"https:\/\/latam.scala.com\/mx\/wp-json\/wp\/v2\/pages\/14","targetHints":{"allow":["GET"]}}],"collection":[{"href":"https:\/\/latam.scala.com\/mx\/wp-json\/wp\/v2\/pages"}],"about":[{"href":"https:\/\/latam.scala.com\/mx\/wp-json\/wp\/v2\/types\/page"}],"author":[{"embeddable":true,"href":"https:\/\/latam.scala.com\/mx\/wp-json\/wp\/v2\/users\/1"}],"replies":[{"embeddable":true,"href":"https:\/\/latam.scala.com\/mx\/wp-json\/wp\/v2\/comments?post=14"}],"version-history":[{"count":0,"href":"https:\/\/latam.scala.com\/mx\/wp-json\/wp\/v2\/pages\/14\/revisions"}],"wp:attachment":[{"href":"https:\/\/latam.scala.com\/mx\/wp-json\/wp\/v2\/media?parent=14"}],"wp:term":[{"taxonomy":"category","embeddable":true,"href":"https:\/\/latam.scala.com\/mx\/wp-json\/wp\/v2\/categories?post=14"},{"taxonomy":"post_tag","embeddable":true,"href":"https:\/\/latam.scala.com\/mx\/wp-json\/wp\/v2\/tags?post=14"}],"curies":[{"name":"wp","href":"https:\/\/api.w.org\/{rel}","templated":true}]}}